{"id":2794,"date":"2026-04-23T18:32:33","date_gmt":"2026-04-23T16:32:33","guid":{"rendered":"https:\/\/www.association-noa.com\/?page_id=2794"},"modified":"2026-04-23T19:20:40","modified_gmt":"2026-04-23T17:20:40","slug":"don","status":"publish","type":"page","link":"https:\/\/www.association-noa.com\/index.php\/don\/","title":{"rendered":"Don"},"content":{"rendered":"<div class=\"brz brz-root__container brz-reset-all brz-root__container-page\" >\n<section id=\"jjBVRr_BHTRj_jjBVRr_BHTRj\" class=\"brz-section brz-css-d-section brz-css-2o05as\">\n<div class=\"brz-section__content brz-section--boxed brz-css-d-sectionitem-bg brz-css-xe1bn2\" data-brz-custom-id=\"kffPkUMc8AWl\">\n<div class=\"brz-container brz-css-d-sectionitem-container brz-css-1b7um1t\">\n<div id=\"\" class=\"brz-css-d-wrapper brz-css-1f0bds9 brz-wrapper\">\n<div class=\"brz-rich-text brz-rich-text__custom brz-css-d-richtext brz-css-yw2kyg\" data-brz-custom-id=\"wGyjihDw6hno\">\n<div data-brz-translate-text=\"1\">\n<h3 class=\"brz-tp-lg-heading3 brz-css-wyG_Q\" data-generated-css=\"brz-css-s0bK9\" data-uniq-id=\"fDpOS\"><span class=\"brz-cp-color7\"> Soutenez nos actions au Togo<\/span><\/h3>\n<h3 class=\"brz-tp-lg-heading3 brz-css-qOPj8\" data-generated-css=\"brz-css-qafkX\" data-uniq-id=\"yNjfR\"><span class=\"brz-cp-color7\"> <\/span><\/h3>\n<p class=\"brz-tp-lg-paragraph brz-css-ev2xT\" data-generated-css=\"brz-css-bwYBH\" data-uniq-id=\"qVQKn\"><span class=\"brz-cp-color7\">L\u2019association Nost\u00e9 organisation agricole agit chaque jour au Togo pour accompagner les agriculteurs, d\u00e9velopper des pratiques durables et am\u00e9liorer les conditions de vie des communaut\u00e9s rurales.<\/span><\/p>\n<p class=\"brz-tp-lg-paragraph brz-css-mCOF0\" data-generated-css=\"brz-css-vIdbi\" data-uniq-id=\"xGy9l\"><span class=\"brz-cp-color7\"> <\/span><\/p>\n<p class=\"brz-tp-lg-paragraph brz-css-c21yK\" data-generated-css=\"brz-css-ejHq4\" data-uniq-id=\"w8tlu\"><span class=\"brz-cp-color7\">Votre don est essentiel. Il nous permet de : <\/span><\/p>\n<ul>\n<li class=\"brz-tp-lg-paragraph brz-bcp-color7 brz-css-yuMYK\" data-generated-css=\"brz-css-xnYpf\" data-uniq-id=\"ddHyk\"><span class=\"brz-cp-color7\">soutenir des projets agricoles locaux<\/span><\/li>\n<li class=\"brz-tp-lg-paragraph brz-bcp-color7 brz-css-osa0Z\" data-generated-css=\"brz-css-aXLyh\" data-uniq-id=\"yEIdA\"><span class=\"brz-cp-color7\">former les producteurs<\/span><\/li>\n<li class=\"brz-tp-lg-paragraph brz-bcp-color7 brz-css-iCAhi\" data-generated-css=\"brz-css-aBE7G\" data-uniq-id=\"elVor\"><span class=\"brz-cp-color7\">favoriser l\u2019autonomie alimentaire<\/span><\/li>\n<li class=\"brz-tp-lg-paragraph brz-bcp-color7 brz-css-a9ssJ\" data-generated-css=\"brz-css-ktPsn\" data-uniq-id=\"wQpLh\"><span class=\"brz-cp-color7\">encourager des initiatives durables<\/span><\/li>\n<\/ul>\n<p class=\"brz-tp-lg-paragraph brz-bcp-color7 brz-css-abZFk\" data-generated-css=\"brz-css-jhFS2\" data-uniq-id=\"znHrI\"><span class=\"brz-cp-color7\"> <\/span><\/p>\n<h3 class=\"brz-tp-lg-heading3 brz-css-iwp8w\" data-generated-css=\"brz-css-b40T5\" data-uniq-id=\"tMUfX\"><span class=\"brz-cp-color7\">Faites un don d\u00e8s maintenant <\/span><\/h3>\n<h3 class=\"brz-tp-lg-heading3 brz-css-pEE93\" data-generated-css=\"brz-css-kZ1Kq\" data-uniq-id=\"hTxKC\"><\/h3>\n<p class=\"brz-tp-lg-paragraph brz-css-wuGiG\" data-generated-css=\"brz-css-gv2Mt\" data-uniq-id=\"fHYrP\"><span class=\"brz-cp-color7\">Vous pouvez nous soutenir en effectuant un virement bancaire :<\/span><\/p>\n<p class=\"brz-tp-lg-paragraph brz-css-vmtIW\" data-generated-css=\"brz-css-wk0Kh\" data-uniq-id=\"bEuIi\"><strong class=\"brz-cp-color7\">IBAN : FR76 1670 6000 1916 6008 9130 295<\/strong><\/p>\n<p class=\"brz-tp-lg-paragraph brz-css-xd0N7\" data-generated-css=\"brz-css-l0OZK\" data-uniq-id=\"i8PMY\"><strong class=\"brz-cp-color7\">BIC : AGRIFRPP827<\/strong><\/p>\n<p class=\"brz-tp-lg-paragraph brz-css-pJLer\" data-generated-css=\"brz-css-dIcmt\" data-uniq-id=\"mbbkQ\"><strong class=\"brz-cp-color7\">Titulaire : Asso Nost\u00e9 organisation agricole<\/strong><\/p>\n<p class=\"brz-tp-lg-paragraph brz-css-xbIo6\" data-generated-css=\"brz-css-mZZ8Y\" data-uniq-id=\"bfREW\"><strong class=\"brz-cp-color7\"> <\/strong><\/p>\n<h3 class=\"brz-tp-lg-heading3 brz-css-uNa3c\" data-generated-css=\"brz-css-jLht8\" data-uniq-id=\"cdmJj\"><span class=\"brz-cp-color7\">Re\u00e7u fiscal et r\u00e9duction d\u2019imp\u00f4t<\/span><\/h3>\n<h3 class=\"brz-tp-lg-heading3 brz-css-gvIfE\" data-generated-css=\"brz-css-zz0iY\" data-uniq-id=\"f0W4G\"><span class=\"brz-cp-color7\"> <\/span><\/h3>\n<p class=\"brz-tp-lg-paragraph brz-css-d2pPA\" data-generated-css=\"brz-css-q_z8Z\" data-uniq-id=\"mr2kn\"><span class=\"brz-cp-color7\">Votre don ouvre droit \u00e0 une r\u00e9duction d\u2019imp\u00f4t, conform\u00e9ment \u00e0 la l\u00e9gislation en vigueur.<\/span><\/p>\n<p class=\"brz-tp-lg-paragraph brz-css-xEJDB\" data-generated-css=\"brz-css-atrMm\" data-uniq-id=\"l5nJ7\"><span class=\"brz-cp-color7\">\ud83d\udc49 Pour recevoir votre <\/span><strong class=\"brz-cp-color7\">re\u00e7u fiscal<\/strong><span class=\"brz-cp-color7\">, merci d\u2019indiquer <\/span><strong class=\"brz-cp-color7\">votre nom de famille<\/strong><span class=\"brz-cp-color7\"> (et id\u00e9alement votre pr\u00e9nom) dans le libell\u00e9 du virement.<\/span><\/p>\n<p class=\"brz-tp-lg-paragraph brz-css-zh9cF\" data-generated-css=\"brz-css-olx9p\" data-uniq-id=\"dpCtf\"><span class=\"brz-cp-color7\"> <\/span><\/p>\n<h3 class=\"brz-tp-lg-heading3 brz-css-iqWxe\" data-generated-css=\"brz-css-vef_y\" data-uniq-id=\"oQbzn\"><strong class=\"brz-cp-color7\">Dons \u00e0 des organismes d&rsquo;aide aux personnes en difficult\u00e9<\/strong><\/h3>\n<h3 class=\"brz-tp-lg-heading3 brz-css-fRU49\" data-generated-css=\"brz-css-q7ZMO\" data-uniq-id=\"khxKP\"><strong class=\"brz-cp-color7\"> <\/strong><\/h3>\n<p class=\"brz-tp-lg-paragraph brz-css-aUVv7\" data-generated-css=\"brz-css-wrK5D\" data-uniq-id=\"aGgLf\"><span class=\"brz-cp-color7\">La r\u00e9duction d&rsquo;imp\u00f4t est&nbsp;<\/span><strong class=\"brz-cp-color7\">de 75 %&nbsp;<\/strong><span class=\"brz-cp-color7\">dans la limite de 1 000 \u20ac par an.&nbsp;<\/span><strong class=\"brz-cp-color7\">Pour les dons et les versements effectu\u00e9s \u00e0 partir du 14 octobre 2025, cette limite est port\u00e9e \u00e0 2 000 \u20ac<\/strong><span class=\"brz-cp-color7\">. La fraction au-del\u00e0 de ce plafond ouvre droit \u00e0 une r\u00e9duction d&rsquo;imp\u00f4t de 66 % du montant donn\u00e9, dans la limite de 20 % du revenu imposable.<\/span><\/p>\n<p class=\"brz-tp-lg-paragraph brz-css-aCM8o\" data-generated-css=\"brz-css-khekA\" data-uniq-id=\"k1Q1A\"><span class=\"brz-cp-color7\">Cela concerne :<\/span><\/p>\n<ul>\n<li class=\"brz-tp-lg-paragraph brz-css-sCv5w\" data-generated-css=\"brz-css-se0fC\" data-uniq-id=\"s8qHX\"><span class=\"brz-cp-color7\">les&nbsp;<\/span><strong class=\"brz-cp-color7\">dons \u00e0 des associations<\/strong><span class=\"brz-cp-color7\">&nbsp;situ\u00e9es en France qui assurent la&nbsp;<\/span><strong class=\"brz-cp-color7\">fourniture gratuite de repas ou de soins m\u00e9dicaux<\/strong><span class=\"brz-cp-color7\">&nbsp;ou qui favorisent le&nbsp;<\/span><strong class=\"brz-cp-color7\">logement de personnes en difficult\u00e9<\/strong><span class=\"brz-cp-color7\">, en France et \u00e0 l\u2019\u00e9tranger,<\/span><\/li>\n<li class=\"brz-tp-lg-paragraph brz-css-fye2I\" data-generated-css=\"brz-css-yTUng\" data-uniq-id=\"oDMUy\"><span class=\"brz-cp-color7\">les&nbsp;<\/span><strong class=\"brz-cp-color7\">dons effectu\u00e9s au profit d&rsquo;organismes d\u2019int\u00e9r\u00eat g\u00e9n\u00e9ral<\/strong><span class=\"brz-cp-color7\">&nbsp;qui&nbsp;<\/span><strong class=\"brz-cp-color7\">accompagnent gratuitement les victimes de violence domestique<\/strong><span class=\"brz-cp-color7\">&nbsp;ou qui contribuent \u00e0&nbsp;<\/span><strong class=\"brz-cp-color7\">favoriser leur relogement<\/strong><span class=\"brz-cp-color7\">&nbsp;(depuis le 15 f\u00e9vrier 2025).<\/span><\/li>\n<\/ul>\n<\/div>\n<\/div>\n<\/div>\n<\/div>\n<\/div>\n<\/section>\n<section id=\"k3bPqDBYKIe7_k3bPqDBYKIe7\" class=\"brz-section brz-css-d-section brz-css-3buxl4\">\n<div class=\"brz-section__content brz-section--boxed brz-css-d-sectionitem-bg brz-css-ls37wr\" data-brz-custom-id=\"bHrhu9czhnkQ\">\n<div class=\"brz-container brz-css-d-sectionitem-container brz-css-c0dbab\">\n<div id=\"\" class=\"brz-css-d-wrapper brz-css-7d2fgk brz-wrapper\">\n<div class=\"brz-image brz-css-d-image-d3o5gmmckzsb-parent brz-css-b1og1g\" data-brz-custom-id=\"d3o5GmmckZsB\"><picture class=\"brz-picture brz-d-block brz-p-relative brz-css-d-image-d3o5gmmckzsb-picture brz-css-1mgc115\"><source srcset=\"https:\/\/www.association-noa.com\/wp-content\/uploads\/2026\/04\/Flyer-Don-Alphabetisation-V1-JPEG.jpg 1x, https:\/\/www.association-noa.com\/wp-content\/uploads\/2026\/04\/Flyer-Don-Alphabetisation-V1-JPEG.jpg 2x\" media=\"(min-width: 992px)\"><source srcset=\"https:\/\/www.association-noa.com\/wp-content\/uploads\/2026\/04\/Flyer-Don-Alphabetisation-V1-JPEG.jpg 1x, https:\/\/www.association-noa.com\/wp-content\/uploads\/2026\/04\/Flyer-Don-Alphabetisation-V1-JPEG.jpg 2x\" media=\"(min-width: 768px)\"><img decoding=\"async\" class=\"brz-img\" srcset=\"https:\/\/www.association-noa.com\/wp-content\/uploads\/2026\/04\/Flyer-Don-Alphabetisation-V1-JPEG.jpg 1x, https:\/\/www.association-noa.com\/wp-content\/uploads\/2026\/04\/Flyer-Don-Alphabetisation-V1-JPEG.jpg 2x\" src=\"https:\/\/www.association-noa.com\/wp-content\/uploads\/2026\/04\/Flyer-Don-Alphabetisation-V1-JPEG.jpg\" loading=\"lazy\" alt=\"\" title=\"Flyer Don Alphab\u00e9tisation (V1) JPEG\" draggable=\"false\"><\/picture><\/div>\n<\/div>\n<\/div>\n<\/div>\n<\/section><\/div>\n<p><!-- version:1776964840 --><\/p>\n","protected":false},"excerpt":{"rendered":"<p>Soutenez nos actions au Togo L\u2019association Nost\u00e9 organisation agricole agit chaque jour au Togo pour accompagner les agriculteurs, d\u00e9velopper des pratiques durables et am\u00e9liorer les conditions de vie des communaut\u00e9s rurales. Votre don est essentiel. Il nous permet de : soutenir des projets agricoles locaux former les producteurs favoriser l\u2019autonomie alimentaire encourager des initiatives durables [&hellip;]<\/p>\n","protected":false},"author":1,"featured_media":2798,"parent":0,"menu_order":0,"comment_status":"closed","ping_status":"closed","template":"","meta":{"footnotes":""},"class_list":["post-2794","page","type-page","status-publish","has-post-thumbnail","hentry"],"blocksy_meta":[],"yoast_head":"<!-- This site is optimized with the Yoast SEO Premium plugin v18.7 (Yoast SEO v27.4) - https:\/\/yoast.com\/product\/yoast-seo-premium-wordpress\/ -->\n<title>Don - Association-NOA<\/title>\n<meta name=\"robots\" content=\"index, follow, max-snippet:-1, max-image-preview:large, max-video-preview:-1\" \/>\n<link rel=\"canonical\" href=\"https:\/\/www.association-noa.com\/index.php\/don\/\" \/>\n<meta property=\"og:locale\" content=\"fr_FR\" \/>\n<meta property=\"og:type\" content=\"article\" \/>\n<meta property=\"og:title\" content=\"Don\" \/>\n<meta property=\"og:description\" content=\"Soutenez nos actions au Togo L\u2019association Nost\u00e9 organisation agricole agit chaque jour au Togo pour accompagner les agriculteurs, d\u00e9velopper des pratiques durables et am\u00e9liorer les conditions de vie des communaut\u00e9s rurales. Votre don est essentiel. Il nous permet de : soutenir des projets agricoles locaux former les producteurs favoriser l\u2019autonomie alimentaire encourager des initiatives durables [&hellip;]\" \/>\n<meta property=\"og:url\" content=\"https:\/\/www.association-noa.com\/index.php\/don\/\" \/>\n<meta property=\"og:site_name\" content=\"Association-NOA\" \/>\n<meta property=\"article:modified_time\" content=\"2026-04-23T17:20:40+00:00\" \/>\n<meta property=\"og:image\" content=\"https:\/\/www.association-noa.com\/wp-content\/uploads\/2026\/04\/Flyer-Don-Alphabetisation-V1-JPEG.jpg\" \/>\n\t<meta property=\"og:image:width\" content=\"1414\" \/>\n\t<meta property=\"og:image:height\" content=\"2000\" \/>\n\t<meta property=\"og:image:type\" content=\"image\/jpeg\" \/>\n<meta name=\"twitter:card\" content=\"summary_large_image\" \/>\n<meta name=\"twitter:label1\" content=\"Dur\u00e9e de lecture estim\u00e9e\" \/>\n\t<meta name=\"twitter:data1\" content=\"3 minutes\" \/>\n<script type=\"application\/ld+json\" class=\"yoast-schema-graph\">{\"@context\":\"https:\\\/\\\/schema.org\",\"@graph\":[{\"@type\":\"WebPage\",\"@id\":\"https:\\\/\\\/www.association-noa.com\\\/index.php\\\/don\\\/\",\"url\":\"https:\\\/\\\/www.association-noa.com\\\/index.php\\\/don\\\/\",\"name\":\"Don - Association-NOA\",\"isPartOf\":{\"@id\":\"https:\\\/\\\/www.association-noa.com\\\/#website\"},\"primaryImageOfPage\":{\"@id\":\"https:\\\/\\\/www.association-noa.com\\\/index.php\\\/don\\\/#primaryimage\"},\"image\":{\"@id\":\"https:\\\/\\\/www.association-noa.com\\\/index.php\\\/don\\\/#primaryimage\"},\"thumbnailUrl\":\"https:\\\/\\\/www.association-noa.com\\\/wp-content\\\/uploads\\\/2026\\\/04\\\/Flyer-Don-Alphabetisation-V1-JPEG.jpg\",\"datePublished\":\"2026-04-23T16:32:33+00:00\",\"dateModified\":\"2026-04-23T17:20:40+00:00\",\"breadcrumb\":{\"@id\":\"https:\\\/\\\/www.association-noa.com\\\/index.php\\\/don\\\/#breadcrumb\"},\"inLanguage\":\"fr-FR\",\"potentialAction\":[{\"@type\":\"ReadAction\",\"target\":[\"https:\\\/\\\/www.association-noa.com\\\/index.php\\\/don\\\/\"]}]},{\"@type\":\"ImageObject\",\"inLanguage\":\"fr-FR\",\"@id\":\"https:\\\/\\\/www.association-noa.com\\\/index.php\\\/don\\\/#primaryimage\",\"url\":\"https:\\\/\\\/www.association-noa.com\\\/wp-content\\\/uploads\\\/2026\\\/04\\\/Flyer-Don-Alphabetisation-V1-JPEG.jpg\",\"contentUrl\":\"https:\\\/\\\/www.association-noa.com\\\/wp-content\\\/uploads\\\/2026\\\/04\\\/Flyer-Don-Alphabetisation-V1-JPEG.jpg\",\"width\":1414,\"height\":2000},{\"@type\":\"BreadcrumbList\",\"@id\":\"https:\\\/\\\/www.association-noa.com\\\/index.php\\\/don\\\/#breadcrumb\",\"itemListElement\":[{\"@type\":\"ListItem\",\"position\":1,\"name\":\"Home\",\"item\":\"https:\\\/\\\/www.association-noa.com\\\/\"},{\"@type\":\"ListItem\",\"position\":2,\"name\":\"Don\"}]},{\"@type\":\"WebSite\",\"@id\":\"https:\\\/\\\/www.association-noa.com\\\/#website\",\"url\":\"https:\\\/\\\/www.association-noa.com\\\/\",\"name\":\"Association-NOA\",\"description\":\"D\u00e9veloppement de la zone rurale de Nots\u00e9 au Togo\",\"publisher\":{\"@id\":\"https:\\\/\\\/www.association-noa.com\\\/#organization\"},\"potentialAction\":[{\"@type\":\"SearchAction\",\"target\":{\"@type\":\"EntryPoint\",\"urlTemplate\":\"https:\\\/\\\/www.association-noa.com\\\/?s={search_term_string}\"},\"query-input\":{\"@type\":\"PropertyValueSpecification\",\"valueRequired\":true,\"valueName\":\"search_term_string\"}}],\"inLanguage\":\"fr-FR\"},{\"@type\":\"Organization\",\"@id\":\"https:\\\/\\\/www.association-noa.com\\\/#organization\",\"name\":\"ASSOCIATION NOA FRANCE\",\"url\":\"https:\\\/\\\/www.association-noa.com\\\/\",\"logo\":{\"@type\":\"ImageObject\",\"inLanguage\":\"fr-FR\",\"@id\":\"https:\\\/\\\/www.association-noa.com\\\/#\\\/schema\\\/logo\\\/image\\\/\",\"url\":\"https:\\\/\\\/www.association-noa.com\\\/wp-content\\\/uploads\\\/2023\\\/02\\\/Logo-Noa-france.png\",\"contentUrl\":\"https:\\\/\\\/www.association-noa.com\\\/wp-content\\\/uploads\\\/2023\\\/02\\\/Logo-Noa-france.png\",\"width\":2000,\"height\":595,\"caption\":\"ASSOCIATION NOA FRANCE\"},\"image\":{\"@id\":\"https:\\\/\\\/www.association-noa.com\\\/#\\\/schema\\\/logo\\\/image\\\/\"}}]}<\/script>\n<!-- \/ Yoast SEO Premium plugin. -->","yoast_head_json":{"title":"Don - Association-NOA","robots":{"index":"index","follow":"follow","max-snippet":"max-snippet:-1","max-image-preview":"max-image-preview:large","max-video-preview":"max-video-preview:-1"},"canonical":"https:\/\/www.association-noa.com\/index.php\/don\/","og_locale":"fr_FR","og_type":"article","og_title":"Don","og_description":"Soutenez nos actions au Togo L\u2019association Nost\u00e9 organisation agricole agit chaque jour au Togo pour accompagner les agriculteurs, d\u00e9velopper des pratiques durables et am\u00e9liorer les conditions de vie des communaut\u00e9s rurales. Votre don est essentiel. Il nous permet de : soutenir des projets agricoles locaux former les producteurs favoriser l\u2019autonomie alimentaire encourager des initiatives durables [&hellip;]","og_url":"https:\/\/www.association-noa.com\/index.php\/don\/","og_site_name":"Association-NOA","article_modified_time":"2026-04-23T17:20:40+00:00","og_image":[{"width":1414,"height":2000,"url":"https:\/\/www.association-noa.com\/wp-content\/uploads\/2026\/04\/Flyer-Don-Alphabetisation-V1-JPEG.jpg","type":"image\/jpeg"}],"twitter_card":"summary_large_image","twitter_misc":{"Dur\u00e9e de lecture estim\u00e9e":"3 minutes"},"schema":{"@context":"https:\/\/schema.org","@graph":[{"@type":"WebPage","@id":"https:\/\/www.association-noa.com\/index.php\/don\/","url":"https:\/\/www.association-noa.com\/index.php\/don\/","name":"Don - Association-NOA","isPartOf":{"@id":"https:\/\/www.association-noa.com\/#website"},"primaryImageOfPage":{"@id":"https:\/\/www.association-noa.com\/index.php\/don\/#primaryimage"},"image":{"@id":"https:\/\/www.association-noa.com\/index.php\/don\/#primaryimage"},"thumbnailUrl":"https:\/\/www.association-noa.com\/wp-content\/uploads\/2026\/04\/Flyer-Don-Alphabetisation-V1-JPEG.jpg","datePublished":"2026-04-23T16:32:33+00:00","dateModified":"2026-04-23T17:20:40+00:00","breadcrumb":{"@id":"https:\/\/www.association-noa.com\/index.php\/don\/#breadcrumb"},"inLanguage":"fr-FR","potentialAction":[{"@type":"ReadAction","target":["https:\/\/www.association-noa.com\/index.php\/don\/"]}]},{"@type":"ImageObject","inLanguage":"fr-FR","@id":"https:\/\/www.association-noa.com\/index.php\/don\/#primaryimage","url":"https:\/\/www.association-noa.com\/wp-content\/uploads\/2026\/04\/Flyer-Don-Alphabetisation-V1-JPEG.jpg","contentUrl":"https:\/\/www.association-noa.com\/wp-content\/uploads\/2026\/04\/Flyer-Don-Alphabetisation-V1-JPEG.jpg","width":1414,"height":2000},{"@type":"BreadcrumbList","@id":"https:\/\/www.association-noa.com\/index.php\/don\/#breadcrumb","itemListElement":[{"@type":"ListItem","position":1,"name":"Home","item":"https:\/\/www.association-noa.com\/"},{"@type":"ListItem","position":2,"name":"Don"}]},{"@type":"WebSite","@id":"https:\/\/www.association-noa.com\/#website","url":"https:\/\/www.association-noa.com\/","name":"Association-NOA","description":"D\u00e9veloppement de la zone rurale de Nots\u00e9 au Togo","publisher":{"@id":"https:\/\/www.association-noa.com\/#organization"},"potentialAction":[{"@type":"SearchAction","target":{"@type":"EntryPoint","urlTemplate":"https:\/\/www.association-noa.com\/?s={search_term_string}"},"query-input":{"@type":"PropertyValueSpecification","valueRequired":true,"valueName":"search_term_string"}}],"inLanguage":"fr-FR"},{"@type":"Organization","@id":"https:\/\/www.association-noa.com\/#organization","name":"ASSOCIATION NOA FRANCE","url":"https:\/\/www.association-noa.com\/","logo":{"@type":"ImageObject","inLanguage":"fr-FR","@id":"https:\/\/www.association-noa.com\/#\/schema\/logo\/image\/","url":"https:\/\/www.association-noa.com\/wp-content\/uploads\/2023\/02\/Logo-Noa-france.png","contentUrl":"https:\/\/www.association-noa.com\/wp-content\/uploads\/2023\/02\/Logo-Noa-france.png","width":2000,"height":595,"caption":"ASSOCIATION NOA FRANCE"},"image":{"@id":"https:\/\/www.association-noa.com\/#\/schema\/logo\/image\/"}}]}},"brizy_media":[{"id":2798,"url":"https:\/\/www.association-noa.com\/wp-content\/uploads\/2026\/04\/Flyer-Don-Alphabetisation-V1-JPEG.jpg","name":"Flyer-Don-Alphabetisation-V1-JPEG.jpg","meta":{"brizy_attachment_uid":"wp-a1268840c13b2ec416acf5d2e4a04336.jpg","brizy_post_uid":["254a2c21e6e9163adee164b1122da8c0"]}}],"_links":{"self":[{"href":"https:\/\/www.association-noa.com\/index.php\/wp-json\/wp\/v2\/pages\/2794","targetHints":{"allow":["GET"]}}],"collection":[{"href":"https:\/\/www.association-noa.com\/index.php\/wp-json\/wp\/v2\/pages"}],"about":[{"href":"https:\/\/www.association-noa.com\/index.php\/wp-json\/wp\/v2\/types\/page"}],"author":[{"embeddable":true,"href":"https:\/\/www.association-noa.com\/index.php\/wp-json\/wp\/v2\/users\/1"}],"replies":[{"embeddable":true,"href":"https:\/\/www.association-noa.com\/index.php\/wp-json\/wp\/v2\/comments?post=2794"}],"version-history":[{"count":15,"href":"https:\/\/www.association-noa.com\/index.php\/wp-json\/wp\/v2\/pages\/2794\/revisions"}],"predecessor-version":[{"id":2828,"href":"https:\/\/www.association-noa.com\/index.php\/wp-json\/wp\/v2\/pages\/2794\/revisions\/2828"}],"wp:featuredmedia":[{"embeddable":true,"href":"https:\/\/www.association-noa.com\/index.php\/wp-json\/wp\/v2\/media\/2798"}],"wp:attachment":[{"href":"https:\/\/www.association-noa.com\/index.php\/wp-json\/wp\/v2\/media?parent=2794"}],"curies":[{"name":"wp","href":"https:\/\/api.w.org\/{rel}","templated":true}]}}